{"id":281,"date":"2023-02-07T09:49:30","date_gmt":"2023-02-07T09:49:30","guid":{"rendered":"https:\/\/tendercapital.com\/?page_id=281"},"modified":"2025-04-03T13:54:48","modified_gmt":"2025-04-03T13:54:48","slug":"network","status":"publish","type":"page","link":"https:\/\/tendercapital.com\/it\/chi-siamo\/network\/","title":{"rendered":"Network"},"content":{"rendered":"","protected":false},"excerpt":{"rendered":"","protected":false},"author":1,"featured_media":0,"parent":257,"menu_order":0,"comment_status":"closed","ping_status":"closed","template":"tpl_default.php","meta":{"footnotes":""},"class_list":["post-281","page","type-page","status-publish","hentry"],"acf":[],"yoast_head":"<!-- This site is optimized with the Yoast SEO plugin v20.6 - https:\/\/yoast.com\/wordpress\/plugins\/seo\/ -->\n<title>Network - Tendercapital<\/title>\n<meta name=\"description\" content=\"Fondata a Londra, dove si trova l\u2019head office, Tendercapital \u00e8 una societ\u00e0 attiva a livello internazionale: scopri tutte le sedi della societ\u00e0.\" \/>\n<meta name=\"robots\" content=\"index, follow, max-snippet:-1, max-image-preview:large, max-video-preview:-1\" \/>\n<link rel=\"canonical\" href=\"https:\/\/tendercapital.com\/it\/chi-siamo\/network\/\" \/>\n<meta property=\"og:locale\" content=\"it_IT\" \/>\n<meta property=\"og:type\" content=\"article\" \/>\n<meta property=\"og:title\" content=\"Network - Tendercapital\" \/>\n<meta property=\"og:description\" content=\"Fondata a Londra, dove si trova l\u2019head office, Tendercapital \u00e8 una societ\u00e0 attiva a livello internazionale: scopri tutte le sedi della societ\u00e0.\" \/>\n<meta property=\"og:url\" content=\"https:\/\/tendercapital.com\/it\/chi-siamo\/network\/\" \/>\n<meta property=\"og:site_name\" content=\"Tendercapital\" \/>\n<meta property=\"article:modified_time\" content=\"2025-04-03T13:54:48+00:00\" \/>\n<meta name=\"twitter:card\" content=\"summary_large_image\" \/>\n<script type=\"application\/ld+json\" class=\"yoast-schema-graph\">{\"@context\":\"https:\/\/schema.org\",\"@graph\":[{\"@type\":\"WebPage\",\"@id\":\"https:\/\/tendercapital.com\/it\/chi-siamo\/network\/\",\"url\":\"https:\/\/tendercapital.com\/it\/chi-siamo\/network\/\",\"name\":\"Network - Tendercapital\",\"isPartOf\":{\"@id\":\"https:\/\/tendercapital.com\/it\/#website\"},\"datePublished\":\"2023-02-07T09:49:30+00:00\",\"dateModified\":\"2025-04-03T13:54:48+00:00\",\"description\":\"Fondata a Londra, dove si trova l\u2019head office, Tendercapital \u00e8 una societ\u00e0 attiva a livello internazionale: scopri tutte le sedi della societ\u00e0.\",\"breadcrumb\":{\"@id\":\"https:\/\/tendercapital.com\/it\/chi-siamo\/network\/#breadcrumb\"},\"inLanguage\":\"it-IT\",\"potentialAction\":[{\"@type\":\"ReadAction\",\"target\":[\"https:\/\/tendercapital.com\/it\/chi-siamo\/network\/\"]}]},{\"@type\":\"BreadcrumbList\",\"@id\":\"https:\/\/tendercapital.com\/it\/chi-siamo\/network\/#breadcrumb\",\"itemListElement\":[{\"@type\":\"ListItem\",\"position\":1,\"name\":\"Home\",\"item\":\"https:\/\/tendercapital.com\/it\/\"},{\"@type\":\"ListItem\",\"position\":2,\"name\":\"Chi siamo\",\"item\":\"https:\/\/tendercapital.com\/it\/chi-siamo\/\"},{\"@type\":\"ListItem\",\"position\":3,\"name\":\"Network\"}]},{\"@type\":\"WebSite\",\"@id\":\"https:\/\/tendercapital.com\/it\/#website\",\"url\":\"https:\/\/tendercapital.com\/it\/\",\"name\":\"Tendercapital\",\"description\":\"\",\"potentialAction\":[{\"@type\":\"SearchAction\",\"target\":{\"@type\":\"EntryPoint\",\"urlTemplate\":\"https:\/\/tendercapital.com\/it\/?s={search_term_string}\"},\"query-input\":\"required name=search_term_string\"}],\"inLanguage\":\"it-IT\"}]}<\/script>\n<!-- \/ Yoast SEO plugin. -->","yoast_head_json":{"title":"Network - Tendercapital","description":"Fondata a Londra, dove si trova l\u2019head office, Tendercapital \u00e8 una societ\u00e0 attiva a livello internazionale: scopri tutte le sedi della societ\u00e0.","robots":{"index":"index","follow":"follow","max-snippet":"max-snippet:-1","max-image-preview":"max-image-preview:large","max-video-preview":"max-video-preview:-1"},"canonical":"https:\/\/tendercapital.com\/it\/chi-siamo\/network\/","og_locale":"it_IT","og_type":"article","og_title":"Network - Tendercapital","og_description":"Fondata a Londra, dove si trova l\u2019head office, Tendercapital \u00e8 una societ\u00e0 attiva a livello internazionale: scopri tutte le sedi della societ\u00e0.","og_url":"https:\/\/tendercapital.com\/it\/chi-siamo\/network\/","og_site_name":"Tendercapital","article_modified_time":"2025-04-03T13:54:48+00:00","twitter_card":"summary_large_image","schema":{"@context":"https:\/\/schema.org","@graph":[{"@type":"WebPage","@id":"https:\/\/tendercapital.com\/it\/chi-siamo\/network\/","url":"https:\/\/tendercapital.com\/it\/chi-siamo\/network\/","name":"Network - Tendercapital","isPartOf":{"@id":"https:\/\/tendercapital.com\/it\/#website"},"datePublished":"2023-02-07T09:49:30+00:00","dateModified":"2025-04-03T13:54:48+00:00","description":"Fondata a Londra, dove si trova l\u2019head office, Tendercapital \u00e8 una societ\u00e0 attiva a livello internazionale: scopri tutte le sedi della societ\u00e0.","breadcrumb":{"@id":"https:\/\/tendercapital.com\/it\/chi-siamo\/network\/#breadcrumb"},"inLanguage":"it-IT","potentialAction":[{"@type":"ReadAction","target":["https:\/\/tendercapital.com\/it\/chi-siamo\/network\/"]}]},{"@type":"BreadcrumbList","@id":"https:\/\/tendercapital.com\/it\/chi-siamo\/network\/#breadcrumb","itemListElement":[{"@type":"ListItem","position":1,"name":"Home","item":"https:\/\/tendercapital.com\/it\/"},{"@type":"ListItem","position":2,"name":"Chi siamo","item":"https:\/\/tendercapital.com\/it\/chi-siamo\/"},{"@type":"ListItem","position":3,"name":"Network"}]},{"@type":"WebSite","@id":"https:\/\/tendercapital.com\/it\/#website","url":"https:\/\/tendercapital.com\/it\/","name":"Tendercapital","description":"","potentialAction":[{"@type":"SearchAction","target":{"@type":"EntryPoint","urlTemplate":"https:\/\/tendercapital.com\/it\/?s={search_term_string}"},"query-input":"required name=search_term_string"}],"inLanguage":"it-IT"}]}},"_links":{"self":[{"href":"https:\/\/tendercapital.com\/it\/wp-json\/wp\/v2\/pages\/281\/"}],"collection":[{"href":"https:\/\/tendercapital.com\/it\/wp-json\/wp\/v2\/pages\/"}],"about":[{"href":"https:\/\/tendercapital.com\/it\/wp-json\/wp\/v2\/types\/page\/"}],"author":[{"embeddable":true,"href":"https:\/\/tendercapital.com\/it\/wp-json\/wp\/v2\/users\/1\/"}],"replies":[{"embeddable":true,"href":"https:\/\/tendercapital.com\/it\/wp-json\/wp\/v2\/comments\/?post=281"}],"version-history":[{"count":37,"href":"https:\/\/tendercapital.com\/it\/wp-json\/wp\/v2\/pages\/281\/revisions\/"}],"predecessor-version":[{"id":25232,"href":"https:\/\/tendercapital.com\/it\/wp-json\/wp\/v2\/pages\/281\/revisions\/25232\/"}],"up":[{"embeddable":true,"href":"https:\/\/tendercapital.com\/it\/wp-json\/wp\/v2\/pages\/257\/"}],"wp:attachment":[{"href":"https:\/\/tendercapital.com\/it\/wp-json\/wp\/v2\/media\/?parent=281"}],"curies":[{"name":"wp","href":"https:\/\/api.w.org\/{rel}","templated":true}]}}